{"id":85,"date":"2020-09-18T15:15:56","date_gmt":"2020-09-18T13:15:56","guid":{"rendered":"http:\/\/sandrine-socio-estheticienne.fr\/?page_id=85"},"modified":"2021-01-15T17:53:02","modified_gmt":"2021-01-15T16:53:02","slug":"mentions-legales","status":"publish","type":"page","link":"https:\/\/sandrine-socio-estheticienne.fr\/index.php\/mentions-legales\/","title":{"rendered":"Mentions l\u00e9gales"},"content":{"rendered":"\n<div class=\"wp-block-columns\">\n<div class=\"wp-block-column\" style=\"flex-basis:25%\"><\/div>\n\n\n\n<div class=\"wp-block-column\" style=\"flex-basis:50%\">\n<p><em>Ce site est \u00e9dit\u00e9 par :<\/em><\/p>\n\n\n\n<p><em>L&rsquo;instant bien-\u00eatre<br>Micro-entreprise<br>4 rue ville Marie<br>10190 Neuville sur Vanne<br>06.16.96.51.58<br>N\u00b0 <\/em>SIRET 891 194 680 000 15<\/p>\n\n\n\n<p><em>Directeur de publication : <\/em>Sandrine Guerrier<\/p>\n\n\n\n<p><em>Le pr\u00e9sent Site est h\u00e9berg\u00e9 chez :<\/em><br><em>NameHero.com<br>1520 Clay Street, Suite G2<br>North Kansas City, Missouri 64116<\/em><\/p>\n<\/div>\n<\/div>\n","protected":false},"excerpt":{"rendered":"<p>Ce site est \u00e9dit\u00e9 par : L&rsquo;instant bien-\u00eatreMicro-entreprise4 rue ville Marie10190 Neuville sur Vanne06.16.96.51.58N\u00b0 SIRET 891 194 680 000 15 Directeur de publication : Sandrine Guerrier Le pr\u00e9sent Site est h\u00e9berg\u00e9 chez :NameHero.com1520 Clay Street, Suite G2North Kansas City, Missouri 64116<\/p>\n","protected":false},"author":1,"featured_media":0,"parent":0,"menu_order":0,"comment_status":"closed","ping_status":"closed","template":"","meta":{"spay_email":""},"_links":{"self":[{"href":"https:\/\/sandrine-socio-estheticienne.fr\/index.php\/wp-json\/wp\/v2\/pages\/85"}],"collection":[{"href":"https:\/\/sandrine-socio-estheticienne.fr\/index.php\/wp-json\/wp\/v2\/pages"}],"about":[{"href":"https:\/\/sandrine-socio-estheticienne.fr\/index.php\/wp-json\/wp\/v2\/types\/page"}],"author":[{"embeddable":true,"href":"https:\/\/sandrine-socio-estheticienne.fr\/index.php\/wp-json\/wp\/v2\/users\/1"}],"replies":[{"embeddable":true,"href":"https:\/\/sandrine-socio-estheticienne.fr\/index.php\/wp-json\/wp\/v2\/comments?post=85"}],"version-history":[{"count":6,"href":"https:\/\/sandrine-socio-estheticienne.fr\/index.php\/wp-json\/wp\/v2\/pages\/85\/revisions"}],"predecessor-version":[{"id":368,"href":"https:\/\/sandrine-socio-estheticienne.fr\/index.php\/wp-json\/wp\/v2\/pages\/85\/revisions\/368"}],"wp:attachment":[{"href":"https:\/\/sandrine-socio-estheticienne.fr\/index.php\/wp-json\/wp\/v2\/media?parent=85"}],"curies":[{"name":"wp","href":"https:\/\/api.w.org\/{rel}","templated":true}]}}