{"id":320,"date":"2021-01-15T10:02:15","date_gmt":"2021-01-15T09:02:15","guid":{"rendered":"http:\/\/sandrine-socio-estheticienne.fr\/?page_id=320"},"modified":"2021-01-15T11:57:49","modified_gmt":"2021-01-15T10:57:49","slug":"pour-qui-2","status":"publish","type":"page","link":"https:\/\/sandrine-socio-estheticienne.fr\/index.php\/pour-qui-2\/","title":{"rendered":"Pour qui ?"},"content":{"rendered":"\n<p>La socio-esth\u00e9tique s&rsquo;adresse \u00e0 une population fragilis\u00e9e par une atteinte de son int\u00e9grit\u00e9 physique (maladie, accident, intervention chirurgicale, vieillesse), psychique (maladie mentale, alcoolisme, toxicomanie) en&nbsp; d\u00e9tresse sociale (rupture sociale, ch\u00f4mage, d\u00e9tention), ou les situations de handicap.<\/p>\n\n\n\n<p>En tant que Socio-esth\u00e9ticienne, je suis donc amen\u00e9e \u00e0 intervenir en milieu m\u00e9dical, en milieu associatif, en milieu m\u00e9dico-social ou social, ainsi qu&rsquo;\u00e0 domicile.<\/p>\n\n\n\n<p>Par ailleurs, je mets un point d&rsquo;honneur \u00e0 proposer \u00e9galement mes prestations au service des aidants.<\/p>\n\n\n\n<p>Les aidants&nbsp;: concept r\u00e9cent dans le monde de la sant\u00e9, n\u00e9 de l\u2019accompagnement des personnes atteintes de maladies chroniques, souffrant de handicap ou en situation de d\u00e9pendance, par des personnes de leur entourage. Un aidant peut \u00eatre aussi bien le conjoint, qu&rsquo;un enfant, un proche, un ami, un voisin&#8230; Chacun peut en th\u00e9orie \u00eatre aidant.<\/p>\n\n\n\n<p>Entre amour, devoir, d\u00e9vouement et culpabilit\u00e9, l&rsquo;aidant va, sur le long terme aider un proche aux repas, aux t\u00e2ches m\u00e9nag\u00e8res, aux soins d&rsquo;hygi\u00e8ne et de confort et parfois m\u00eame, bien qu&rsquo;ils n&rsquo;y soit par form\u00e9s, ils n&rsquo;ont pas d&rsquo;autres choix que d&rsquo;effecteur un acte m\u00e9dical (comme poser une sonde urinaire par exemple).<\/p>\n\n\n\n<p>Un seul aidant \u00e9quivaut donc \u00e0 plusieurs professionnels; ils alternent plusieurs casquettes. C&rsquo;est un emploi \u00e0 plein temps qui ne s&rsquo;arr\u00eate jamais. C&rsquo;est \u00e9puisant, et bien souvent ils y laissent leur sant\u00e9.<\/p>\n\n\n\n<p>Ils sont plus de 8 millions en France, et pourtant ils se sentent invisibles, car ne disposent d&rsquo;aucun statut juridique.<\/p>\n\n\n\n<p>Ce qu&rsquo;il faut savoir, c&rsquo;est que si tous les aidants venaient \u00e0 s&rsquo;arr\u00eater, cela repr\u00e9senterait un budget de 64 milliards d&rsquo;Euros \u00e0 l&rsquo;Etat pour les remplcer par des professionnels. Ce qui correspond \u00e0 l&rsquo;heure actuelle \u00e0 1\/3 du budget de la S\u00e9curit\u00e9 Sociale. Autant vous dire que tout le syst\u00e8me de la sant\u00e9 s&rsquo;effondrerait s&rsquo;il n&rsquo;y avait plus d&rsquo;aidants.<\/p>\n\n\n\n<p>C&rsquo;est pourquoi une proposition de loi visant \u00e0 soutenir les proches aidants a \u00e9t\u00e9 \u00e9mise. Elle leur donnerait le droit au r\u00e9pit, \u00e0 savoir une semaine de cong\u00e9 par an, des structures d&rsquo;accueil de jour, des aides \u00e0 domicile et des associations (La Maison des associations par exemple) et plateformes d&rsquo;accompagnement (comme UNAPEI).<\/p>\n\n\n\n<figure class=\"wp-block-image size-large\"><img loading=\"lazy\" width=\"500\" height=\"494\" src=\"http:\/\/sandrine-socio-estheticienne.fr\/wp-content\/uploads\/2021\/01\/Aidant2.jpg\" alt=\"\" class=\"wp-image-356\" srcset=\"https:\/\/sandrine-socio-estheticienne.fr\/wp-content\/uploads\/2021\/01\/Aidant2.jpg 500w, https:\/\/sandrine-socio-estheticienne.fr\/wp-content\/uploads\/2021\/01\/Aidant2-300x296.jpg 300w\" sizes=\"(max-width: 500px) 100vw, 500px\" \/><\/figure>\n\n\n\n<p>En tant que Socio-esth\u00e9ticienne, j&rsquo;\u0153uvre donc dans le cadre du droit au r\u00e9pit pour les aidants, car il me semble primordial de leur permettre de pouvoir continuer de soutenir leurs proches dans la dignit\u00e9 et la s\u00e9curit\u00e9.<\/p>\n\n\n\n<p><span style=\"color:#ae458a\" class=\"has-inline-color\"><strong>ON N&rsquo;EST PAS OBLIGE DE MOURIR D&rsquo;AIDER !!!<\/strong><\/span><\/p>\n\n\n\n<p>C&rsquo;est l\u00e0 que la Socio-esth\u00e9tique montre l&rsquo;importance de ses soins de support. Car elle peut les accompagner en apportant du bien-\u00eatre physique et psychique, en les revalorisant dans leur r\u00f4le, et en leur permettant de renouer un lien social, en les aidant \u00e0 verbaliser leurs \u00e9motions, en les conseillant sur les aides auxquelles ils peuvent pr\u00e9tendre pour les aiguiller en cons\u00e9quence.<\/p>\n\n\n\n<p>Cela passe par une \u00e9coute active non m\u00e9dicalis\u00e9e et une technique psychocorporelle et psychosensorielle adapt\u00e9es \u00e0 l&rsquo;humain dans sa globalit\u00e9.<\/p>\n\n\n\n<p>Mon r\u00f4le en tant que professionnelle est donc de permettre \u00e0 tous de tenir dans la dur\u00e9e malgr\u00e9 les difficult\u00e9s, en am\u00e9liorant leur qualit\u00e9 de vie au quotidien.<\/p>\n\n\n\n<p>De suspendre le temps&#8230;dans une bulle de confiance et de bien-\u00eatre.<\/p>\n","protected":false},"excerpt":{"rendered":"<p>La socio-esth\u00e9tique s&rsquo;adresse \u00e0 une population fragilis\u00e9e par une atteinte de son int\u00e9grit\u00e9 physique (maladie, accident, intervention chirurgicale, vieillesse), psychique (maladie mentale, alcoolisme, toxicomanie) en&nbsp; d\u00e9tresse sociale (rupture sociale, ch\u00f4mage, d\u00e9tention), ou les situations de handicap. En tant que Socio-esth\u00e9ticienne, je suis donc amen\u00e9e \u00e0 intervenir en milieu m\u00e9dical, en milieu associatif, en milieu m\u00e9dico-social [&hellip;]<\/p>\n","protected":false},"author":1,"featured_media":0,"parent":0,"menu_order":0,"comment_status":"closed","ping_status":"closed","template":"","meta":{"spay_email":""},"_links":{"self":[{"href":"https:\/\/sandrine-socio-estheticienne.fr\/index.php\/wp-json\/wp\/v2\/pages\/320"}],"collection":[{"href":"https:\/\/sandrine-socio-estheticienne.fr\/index.php\/wp-json\/wp\/v2\/pages"}],"about":[{"href":"https:\/\/sandrine-socio-estheticienne.fr\/index.php\/wp-json\/wp\/v2\/types\/page"}],"author":[{"embeddable":true,"href":"https:\/\/sandrine-socio-estheticienne.fr\/index.php\/wp-json\/wp\/v2\/users\/1"}],"replies":[{"embeddable":true,"href":"https:\/\/sandrine-socio-estheticienne.fr\/index.php\/wp-json\/wp\/v2\/comments?post=320"}],"version-history":[{"count":26,"href":"https:\/\/sandrine-socio-estheticienne.fr\/index.php\/wp-json\/wp\/v2\/pages\/320\/revisions"}],"predecessor-version":[{"id":358,"href":"https:\/\/sandrine-socio-estheticienne.fr\/index.php\/wp-json\/wp\/v2\/pages\/320\/revisions\/358"}],"wp:attachment":[{"href":"https:\/\/sandrine-socio-estheticienne.fr\/index.php\/wp-json\/wp\/v2\/media?parent=320"}],"curies":[{"name":"wp","href":"https:\/\/api.w.org\/{rel}","templated":true}]}}