{"id":155,"date":"2020-11-24T16:20:19","date_gmt":"2020-11-24T15:20:19","guid":{"rendered":"http:\/\/sandrine-socio-estheticienne.fr\/?page_id=155"},"modified":"2021-01-16T13:07:31","modified_gmt":"2021-01-16T12:07:31","slug":"ma-philosophie","status":"publish","type":"page","link":"https:\/\/sandrine-socio-estheticienne.fr\/index.php\/ma-philosophie\/","title":{"rendered":"Ma philosophie"},"content":{"rendered":"\n<p><strong><em><span style=\"color:#ae458a\" class=\"has-inline-color\">ABORDER L\u2019INDIVIDU DANS SON ENTIERETE&nbsp;:<\/span><\/em><\/strong><\/p>\n\n\n\n<p>A mon sens, nous ne sommes pas seulement une apparence, ni seulement un corps, ni seulement une parole, ni seulement une pens\u00e9e. Nous sommes un tout.<\/p>\n\n\n\n<p>Le m\u00e9tier de psycho-socio-esth\u00e9ticienne est un m\u00e9tier holistique, c&rsquo;est-\u00e0-dire que lors d\u2019une prestation, la personne est consid\u00e9r\u00e9e dans sa globalit\u00e9 et pas seulement sur un aspect de sa personne.<\/p>\n\n\n\n<p>C\u2019est un m\u00e9tier relationnel avant tout, et lorsque je d\u00e9bute un soin, je rentre dans un premier temps dans une phase de d\u00e9couverte de la personne. J\u2019\u00e9change alors avec elle afin de conna\u00eetre son \u00e9tat de sant\u00e9 bien sur, mais \u00e9galement ses ressentis et attentes du moment. Et je ne pratique aucun soin sans le consentement de la personne qui doit recevoir mon soin, m\u00eame si j\u2019ai l\u2019accord du corps m\u00e9dical (chose que je m\u2019emploie \u00e0 obtenir au pr\u00e9alable).<\/p>\n\n\n\n<p>En effet, les soins que je propose se pr\u00eate \u00e0 la d\u00e9tente et au bien-\u00eatre, et l\u2019\u00e9change avec le b\u00e9n\u00e9ficiaire des soins se veut en priorit\u00e9 rassurant afin d\u2019instaurer un climat de confiance le plus p\u00e9renne possible. <\/p>\n\n\n\n<p>Ma profession exige alors une adaptation \u00e0 la personne et \u00e0 la situation. Une personne qui refuse aujourd\u2019hui acceptera peut-\u00eatre demain, ou pas. Peu importe, je lui laisse le temps dont elle a besoin et respecte ses choix et ressentis.<\/p>\n\n\n\n<p><strong><em><span style=\"color:#ae458a\" class=\"has-inline-color\">PRENDRE LE TEMPS&nbsp;:<\/span><\/em><\/strong><\/p>\n\n\n\n<p>Le temps\u2026 C\u2019est dans ma pratique un facteur primordial. En soin, je prends le temps avec la personne. M\u00eame si on peut estimer la dur\u00e9e approximative d\u2019un soin, elle sera toujours diff\u00e9rente d\u2019une personne \u00e0 l\u2019autre car leurs besoins seront diff\u00e9rents. Et d\u00e9couvrir une personne, instaurer un climat de confiance, \u00e9changer, pratiquer l\u2019\u00e9coute active et adapter chaque protocole de soin \u00e0 chaque individu dans sa globalit\u00e9 prend du temps.<\/p>\n\n\n\n<p>La psycho-socio-esth\u00e9tique n\u2019est pas un m\u00e9tier commercial dict\u00e9 par la rentabilit\u00e9. C\u2019est un m\u00e9tier avant tout humain, dont l\u2019objectif est de rassurer, redonner confiance, rendre une estime de soi plus positive, communiquer, partager, donner de la d\u00e9tente et du bien-\u00eatre, accompagner, \u00e9valuer, conseiller et transmettre l\u2019information. Le tout dans la bienveillance et l\u2019int\u00e9r\u00eat unique de l\u2019h\u00e9ritier du soin. Tout cela n\u00e9cessite du temps, un temps que j\u2019investis immanquablement.<\/p>\n\n\n\n<p><strong>C\u2019est ainsi que je m\u2019engage \u00e0&nbsp; \u00ab&nbsp;suspendre le temps\u2026dans une bulle de confiance et de bien-\u00eatre&nbsp;\u00bb.<\/strong><\/p>\n\n\n\n<p><strong><span style=\"color:#ae458a\" class=\"has-inline-color\">MES PRODUITS&nbsp;:<\/span><\/strong><\/p>\n\n\n\n<p>Important \u00e9galement concernant les produits que j\u2019utilise <strong><u><span style=\"color:#ae458a\" class=\"has-inline-color\">en atelier<\/span><\/u><\/strong>&nbsp;<strong>: <\/strong>\u00ab&nbsp; je <strong>ne mets sur la peau que ce qui se mange&nbsp;\u00bb.<\/strong><\/p>\n\n\n\n<h5>Il s\u2019agit de cr\u00e9er des produits de beaut\u00e9 :<\/h5>\n\n\n\n<div class=\"wp-block-image\"><figure class=\"alignleft size-large is-resized\"><img loading=\"lazy\" src=\"http:\/\/sandrine-socio-estheticienne.fr\/wp-content\/uploads\/2021\/01\/Produits-naturels-1.jpg\" alt=\"\" class=\"wp-image-445\" width=\"595\" height=\"452\" srcset=\"https:\/\/sandrine-socio-estheticienne.fr\/wp-content\/uploads\/2021\/01\/Produits-naturels-1.jpg 793w, https:\/\/sandrine-socio-estheticienne.fr\/wp-content\/uploads\/2021\/01\/Produits-naturels-1-300x228.jpg 300w, https:\/\/sandrine-socio-estheticienne.fr\/wp-content\/uploads\/2021\/01\/Produits-naturels-1-768x584.jpg 768w\" sizes=\"(max-width: 595px) 100vw, 595px\" \/><\/figure><\/div>\n\n\n\n<p><span class=\"has-inline-color has-white-color\">Voici&nbsp;comment j\u2019applique ces principes :<\/span><\/p>\n\n\n\n<p><span class=\"has-inline-color has-white-color\">Voici&nbsp;comment j\u2019applique ces principes :<\/span><\/p>\n\n\n\n<p><span class=\"has-inline-color has-white-color\">Voici&nbsp;comment j\u2019applique ces principes :<\/span><\/p>\n\n\n\n<p><span class=\"has-inline-color has-white-color\">Voici&nbsp;comment j\u2019applique ces principes :<\/span><\/p>\n\n\n\n<p><span class=\"has-inline-color has-white-color\">Voici&nbsp;comment j\u2019applique ces principes :<\/span><\/p>\n\n\n\n<p><span class=\"has-inline-color has-white-color\">Voici&nbsp;comment j\u2019applique ces principes :<\/span><\/p>\n\n\n\n<p><span class=\"has-inline-color has-white-color\">Voici&nbsp;comment j\u2019applique ces principes :<\/span><\/p>\n\n\n\n<p><span class=\"has-inline-color has-white-color\">Voici&nbsp;comment j\u2019applique ces principes :<\/span><\/p>\n\n\n\n<p><span class=\"has-inline-color has-white-color\">Voici&nbsp;comment j\u2019applique ces principes :<\/span><\/p>\n\n\n\n<h5>Voici&nbsp;comment j\u2019applique ces principes :<\/h5>\n\n\n\n<ol type=\"1\"><li>J\u2019essaie d\u00e9sormais d\u2019appliquer une r\u00e8gle toute simple : \u201c<strong>ne mets sur ta peau que ce qui se mange<\/strong>\u201c.&nbsp;J\u2019utilise donc au maximum des ingr\u00e9dients de mon frigo et de mes placards de cuisine.<\/li><li>Je privil\u00e9gie par ailleurs&nbsp;<strong>les recettes qui n\u00e9cessitent peu d\u2019ingr\u00e9dients<\/strong>.<\/li><li>Je pr\u00e9f\u00e8re&nbsp;<strong>utiliser des ingr\u00e9dients bruts<\/strong>&nbsp;sur ma peau.<\/li><li>Je privil\u00e9gie&nbsp;<strong>les recettes \u00e0 froid<\/strong>&nbsp;et \u00e9vite la cuisson lorsque c\u2019est possible.<\/li><li><strong>Mes routines beaut\u00e9 sont minimalistes&nbsp;:<\/strong> j\u2019\u00e9vite d\u2019encombrer ma peau avec 36 produits.<\/li><li>J\u2019ach\u00e8te&nbsp;<strong>mes ingr\u00e9dients (huiles v\u00e9g\u00e9tales et huiles essentielles)&nbsp;<\/strong>dans des petits magasins bio.<\/li><\/ol>\n\n\n\n<p><strong><u><span style=\"color:#ae458a\" class=\"has-inline-color\">En soin individuel<\/span><\/u>, je travaille principalement avec 2 marques&nbsp;: <a href=\"https:\/\/www.eau-thermale-avene.fr\/\" target=\"_blank\" rel=\"noreferrer noopener\">AVENE<\/a> et <a href=\"https:\/\/www.memecosmetics.fr\/fr\/\" target=\"_blank\" rel=\"noreferrer noopener\">M\u00caME <\/a>(<\/strong>et d\u2019autres produits de qualit\u00e9 parapharmacie comme Uriage et\/ ou certifi\u00e9 \u00ab\u00a0biologique\u00a0\u00bb&nbsp;: Ecocert)<\/p>\n\n\n\n<p>Enrichis en eau thermale, les produits AVENE ont une utilit\u00e9 publique av\u00e9r\u00e9e. Ses vertus et ses capacit\u00e9s in\u00e9gal\u00e9es associent la qualit\u00e9 \u00e0 la douceur et l&rsquo;efficacit\u00e9.<\/p>\n\n\n\n<p>D\u00e9di\u00e9e \u00e0 des peaux particuli\u00e8rement fragilis\u00e9es, la marque MEME s&rsquo;investit dans l&rsquo;exigence et la rigueur quant \u00e0 la formulation et \u00e0 la s\u00e9curit\u00e9 de ses produits.<\/p>\n\n\n\n<p>\u00a0\u00bb Plus de f\u00e9minit\u00e9 pour plus d&rsquo;estime de soi et mieux se battre contre la maladie. M\u00caME malade, je m&rsquo;aime on m&rsquo;aime! \u00ab\u00a0<\/p>\n","protected":false},"excerpt":{"rendered":"<p>ABORDER L\u2019INDIVIDU DANS SON ENTIERETE&nbsp;: A mon sens, nous ne sommes pas seulement une apparence, ni seulement un corps, ni seulement une parole, ni seulement une pens\u00e9e. Nous sommes un tout. Le m\u00e9tier de psycho-socio-esth\u00e9ticienne est un m\u00e9tier holistique, c&rsquo;est-\u00e0-dire que lors d\u2019une prestation, la personne est consid\u00e9r\u00e9e dans sa globalit\u00e9 et pas seulement sur [&hellip;]<\/p>\n","protected":false},"author":1,"featured_media":433,"parent":0,"menu_order":0,"comment_status":"closed","ping_status":"closed","template":"","meta":{"spay_email":""},"_links":{"self":[{"href":"https:\/\/sandrine-socio-estheticienne.fr\/index.php\/wp-json\/wp\/v2\/pages\/155"}],"collection":[{"href":"https:\/\/sandrine-socio-estheticienne.fr\/index.php\/wp-json\/wp\/v2\/pages"}],"about":[{"href":"https:\/\/sandrine-socio-estheticienne.fr\/index.php\/wp-json\/wp\/v2\/types\/page"}],"author":[{"embeddable":true,"href":"https:\/\/sandrine-socio-estheticienne.fr\/index.php\/wp-json\/wp\/v2\/users\/1"}],"replies":[{"embeddable":true,"href":"https:\/\/sandrine-socio-estheticienne.fr\/index.php\/wp-json\/wp\/v2\/comments?post=155"}],"version-history":[{"count":17,"href":"https:\/\/sandrine-socio-estheticienne.fr\/index.php\/wp-json\/wp\/v2\/pages\/155\/revisions"}],"predecessor-version":[{"id":452,"href":"https:\/\/sandrine-socio-estheticienne.fr\/index.php\/wp-json\/wp\/v2\/pages\/155\/revisions\/452"}],"wp:featuredmedia":[{"embeddable":true,"href":"https:\/\/sandrine-socio-estheticienne.fr\/index.php\/wp-json\/wp\/v2\/media\/433"}],"wp:attachment":[{"href":"https:\/\/sandrine-socio-estheticienne.fr\/index.php\/wp-json\/wp\/v2\/media?parent=155"}],"curies":[{"name":"wp","href":"https:\/\/api.w.org\/{rel}","templated":true}]}}